{"id":15,"date":"2019-04-18T11:08:42","date_gmt":"2019-04-18T11:08:42","guid":{"rendered":"https:\/\/envothemes.com\/envo-ecommerce\/product\/import-placeholder-for-44\/"},"modified":"2026-01-03T22:32:17","modified_gmt":"2026-01-03T21:32:17","slug":"xps-schriftzug-sale-98-cm-grosse-verkaufsdekoration-fuer-schaufenster","status":"publish","type":"product","link":"https:\/\/baukredos.pro\/?product=xps-schriftzug-sale-98-cm-grosse-verkaufsdekoration-fuer-schaufenster","title":{"rendered":"Dekorativer Schriftzug SALE 25% aus XPS \u2013 Auff\u00e4llige Verkaufsdekoration im Gro\u00dfformatDekorativer Schriftzug SALE aus XPS \u2013 Auff\u00e4llige Verkaufsdekoration im Gro\u00dfformat"},"content":{"rendered":"<p data-start=\"488\" data-end=\"802\">Der dekorative Schriftzug <strong data-start=\"514\" data-end=\"522\">SALE<\/strong> aus hochwertigem <strong data-start=\"540\" data-end=\"573\">extrudiertem Polystyrol (XPS)<\/strong> ist eine effektive L\u00f6sung zur Verkaufsf\u00f6rderung und Schaufenstergestaltung. Jede worte hat eine H\u00f6he von <strong data-start=\"679\" data-end=\"688\">98 cm<\/strong> und eine Materialst\u00e4rke von <strong data-start=\"717\" data-end=\"726\">10 cm<\/strong>, wodurch der Schriftzug besonders stabil, leicht und optisch pr\u00e4sent ist.<\/p>\n<p data-start=\"804\" data-end=\"1106\">Dank des geringen Gewichts l\u00e4sst sich die Dekoration einfach transportieren, montieren und flexibel einsetzen. Die glatte Oberfl\u00e4che eignet sich ideal f\u00fcr Beschichtungen, Farbe oder weitere gestalterische Veredelungen. Perfekt f\u00fcr Schaufenster, Verkaufsfl\u00e4chen, Messen, Events und Promotion-Aktionen.<\/p>\n<p data-start=\"1108\" data-end=\"1128\"><strong data-start=\"1108\" data-end=\"1126\">Eigenschaften:<\/strong><\/p>\n<ul data-start=\"1129\" data-end=\"1385\">\n<li data-start=\"1129\" data-end=\"1149\">\n<p data-start=\"1131\" data-end=\"1149\">Schriftzug: SALE<\/p>\n<\/li>\n<li data-start=\"1150\" data-end=\"1175\">\n<p data-start=\"1152\" data-end=\"1175\">Buchstabenh\u00f6he: 98 cm<\/p>\n<\/li>\n<li data-start=\"1176\" data-end=\"1201\">\n<p data-start=\"1178\" data-end=\"1201\">Materialst\u00e4rke: 10 cm<\/p>\n<\/li>\n<li data-start=\"1202\" data-end=\"1245\">\n<p data-start=\"1204\" data-end=\"1245\">Material: Extrudiertes Polystyrol (XPS)<\/p>\n<\/li>\n<li data-start=\"1246\" data-end=\"1281\">\n<p data-start=\"1248\" data-end=\"1281\">Leicht formstabil und langlebig<\/p>\n<\/li>\n<li data-start=\"1282\" data-end=\"1334\">\n<p data-start=\"1284\" data-end=\"1334\">F\u00fcr Innen- und gesch\u00fctzten Au\u00dfenbereich geeignet<\/p>\n<\/li>\n<li data-start=\"1335\" data-end=\"1385\">\n<p data-start=\"1337\" data-end=\"1385\">Ideal f\u00fcr Handel Aktionen und visuelle Werbung<\/p>\n<\/li>\n<\/ul>\n","protected":false},"excerpt":{"rendered":"<p>Dekorativer XPS Schriftzug SALE 98 cm hohe Buchstaben 10 cm stark leicht stabil und ideal f\u00fcr Schaufenster Aktionen und Verkaufsf\u00f6rderung<\/p>\n","protected":false},"featured_media":1203,"comment_status":"open","ping_status":"closed","template":"","meta":[],"product_brand":[],"product_cat":[28],"product_tag":[104],"class_list":{"0":"post-15","1":"product","2":"type-product","3":"status-publish","4":"has-post-thumbnail","6":"product_cat-dekorative-elemente-aus-styropor-leichte-dekoration-fuer-innen-und-aussen","7":"product_tag-sale-schriftzug-xps-dekoration-verkaufsdekoration-grosse-buchstaben-schaufensterdeko-promotion-deko-werbedekoration-einzelhandel-innenraumdekoration-dekorative-elemente","9":"first","10":"instock","11":"shipping-taxable","12":"purchasable","13":"product-type-simple"},"yoast_head":"<!-- This site is optimized with the Yoast SEO plugin v26.6 - https:\/\/yoast.com\/wordpress\/plugins\/seo\/ -->\n<title>Dekorativer Schriftzug SALE 25% aus XPS \u2013 Auff\u00e4llige Verkaufsdekoration im Gro\u00dfformatDekorativer Schriftzug SALE aus XPS \u2013 Auff\u00e4llige Verkaufsdekoration im Gro\u00dfformat - Baudienstleistungen<\/title>\n<meta name=\"description\" content=\"Dekorativer Schriftzug SALE aus XPS mit 98 cm hohen Buchstaben und 10 cm St\u00e4rke ideal f\u00fcr Schaufenster Verkaufsaktionen Promotion und visuelle Werbung\" \/>\n<meta name=\"robots\" content=\"index, follow, max-snippet:-1, max-image-preview:large, max-video-preview:-1\" \/>\n<link rel=\"canonical\" href=\"https:\/\/baukredos.pro\/produkt\/xps-schriftzug-sale-98-cm-grosse-verkaufsdekoration-fuer-schaufenster\" \/>\n<meta property=\"og:locale\" content=\"de_DE\" \/>\n<meta property=\"og:type\" content=\"article\" \/>\n<meta property=\"og:title\" content=\"Dekorativer Schriftzug SALE 25% aus XPS \u2013 Auff\u00e4llige Verkaufsdekoration im Gro\u00dfformatDekorativer Schriftzug SALE aus XPS \u2013 Auff\u00e4llige Verkaufsdekoration im Gro\u00dfformat - Baudienstleistungen\" \/>\n<meta property=\"og:description\" content=\"Dekorativer Schriftzug SALE aus XPS mit 98 cm hohen Buchstaben und 10 cm St\u00e4rke ideal f\u00fcr Schaufenster Verkaufsaktionen Promotion und visuelle Werbung\" \/>\n<meta property=\"og:url\" content=\"https:\/\/baukredos.pro\/produkt\/xps-schriftzug-sale-98-cm-grosse-verkaufsdekoration-fuer-schaufenster\" \/>\n<meta property=\"og:site_name\" content=\"Baudienstleistungen\" \/>\n<meta property=\"article:modified_time\" content=\"2026-01-03T21:32:17+00:00\" \/>\n<meta property=\"og:image\" content=\"https:\/\/baukredos.pro\/wp-content\/uploads\/2019\/04\/1767286136750.png\" \/>\n\t<meta property=\"og:image:width\" content=\"1024\" \/>\n\t<meta property=\"og:image:height\" content=\"1024\" \/>\n\t<meta property=\"og:image:type\" content=\"image\/png\" \/>\n<meta name=\"twitter:card\" content=\"summary_large_image\" \/>\n<meta name=\"twitter:label1\" content=\"Gesch\u00e4tzte Lesezeit\" \/>\n\t<meta name=\"twitter:data1\" content=\"1\u00a0Minute\" \/>\n<script type=\"application\/ld+json\" class=\"yoast-schema-graph\">{\"@context\":\"https:\/\/schema.org\",\"@graph\":[{\"@type\":\"WebPage\",\"@id\":\"https:\/\/baukredos.pro\/produkt\/xps-schriftzug-sale-98-cm-grosse-verkaufsdekoration-fuer-schaufenster\",\"url\":\"https:\/\/baukredos.pro\/produkt\/xps-schriftzug-sale-98-cm-grosse-verkaufsdekoration-fuer-schaufenster\",\"name\":\"Dekorativer Schriftzug SALE 25% aus XPS \u2013 Auff\u00e4llige Verkaufsdekoration im Gro\u00dfformatDekorativer Schriftzug SALE aus XPS \u2013 Auff\u00e4llige Verkaufsdekoration im Gro\u00dfformat - Baudienstleistungen\",\"isPartOf\":{\"@id\":\"https:\/\/baukredos.pro\/#website\"},\"primaryImageOfPage\":{\"@id\":\"https:\/\/baukredos.pro\/produkt\/xps-schriftzug-sale-98-cm-grosse-verkaufsdekoration-fuer-schaufenster#primaryimage\"},\"image\":{\"@id\":\"https:\/\/baukredos.pro\/produkt\/xps-schriftzug-sale-98-cm-grosse-verkaufsdekoration-fuer-schaufenster#primaryimage\"},\"thumbnailUrl\":\"https:\/\/baukredos.pro\/wp-content\/uploads\/2019\/04\/1767286136750.png\",\"datePublished\":\"2019-04-18T11:08:42+00:00\",\"dateModified\":\"2026-01-03T21:32:17+00:00\",\"description\":\"Dekorativer Schriftzug SALE aus XPS mit 98 cm hohen Buchstaben und 10 cm St\u00e4rke ideal f\u00fcr Schaufenster Verkaufsaktionen Promotion und visuelle Werbung\",\"breadcrumb\":{\"@id\":\"https:\/\/baukredos.pro\/produkt\/xps-schriftzug-sale-98-cm-grosse-verkaufsdekoration-fuer-schaufenster#breadcrumb\"},\"inLanguage\":\"de\",\"potentialAction\":[{\"@type\":\"ReadAction\",\"target\":[\"https:\/\/baukredos.pro\/produkt\/xps-schriftzug-sale-98-cm-grosse-verkaufsdekoration-fuer-schaufenster\"]}]},{\"@type\":\"ImageObject\",\"inLanguage\":\"de\",\"@id\":\"https:\/\/baukredos.pro\/produkt\/xps-schriftzug-sale-98-cm-grosse-verkaufsdekoration-fuer-schaufenster#primaryimage\",\"url\":\"https:\/\/baukredos.pro\/wp-content\/uploads\/2019\/04\/1767286136750.png\",\"contentUrl\":\"https:\/\/baukredos.pro\/wp-content\/uploads\/2019\/04\/1767286136750.png\",\"width\":1024,\"height\":1024},{\"@type\":\"BreadcrumbList\",\"@id\":\"https:\/\/baukredos.pro\/produkt\/xps-schriftzug-sale-98-cm-grosse-verkaufsdekoration-fuer-schaufenster#breadcrumb\",\"itemListElement\":[{\"@type\":\"ListItem\",\"position\":1,\"name\":\"Start\",\"item\":\"https:\/\/baukredos.pro\/\"},{\"@type\":\"ListItem\",\"position\":2,\"name\":\"Shop\",\"item\":\"https:\/\/baukredos.pro\/?page_id=383\"},{\"@type\":\"ListItem\",\"position\":3,\"name\":\"Dekorativer Schriftzug SALE 25% aus XPS \u2013 Auff\u00e4llige Verkaufsdekoration im Gro\u00dfformatDekorativer Schriftzug SALE aus XPS \u2013 Auff\u00e4llige Verkaufsdekoration im Gro\u00dfformat\"}]},{\"@type\":\"WebSite\",\"@id\":\"https:\/\/baukredos.pro\/#website\",\"url\":\"https:\/\/baukredos.pro\/\",\"name\":\"Baudienstleistungen\",\"description\":\"BauKredoS - Ihr BauPrinzip\",\"potentialAction\":[{\"@type\":\"SearchAction\",\"target\":{\"@type\":\"EntryPoint\",\"urlTemplate\":\"https:\/\/baukredos.pro\/?s={search_term_string}\"},\"query-input\":{\"@type\":\"PropertyValueSpecification\",\"valueRequired\":true,\"valueName\":\"search_term_string\"}}],\"inLanguage\":\"de\"}]}<\/script>\n<!-- \/ Yoast SEO plugin. -->","yoast_head_json":{"title":"Dekorativer Schriftzug SALE 25% aus XPS \u2013 Auff\u00e4llige Verkaufsdekoration im Gro\u00dfformatDekorativer Schriftzug SALE aus XPS \u2013 Auff\u00e4llige Verkaufsdekoration im Gro\u00dfformat - Baudienstleistungen","description":"Dekorativer Schriftzug SALE aus XPS mit 98 cm hohen Buchstaben und 10 cm St\u00e4rke ideal f\u00fcr Schaufenster Verkaufsaktionen Promotion und visuelle Werbung","robots":{"index":"index","follow":"follow","max-snippet":"max-snippet:-1","max-image-preview":"max-image-preview:large","max-video-preview":"max-video-preview:-1"},"canonical":"https:\/\/baukredos.pro\/produkt\/xps-schriftzug-sale-98-cm-grosse-verkaufsdekoration-fuer-schaufenster","og_locale":"de_DE","og_type":"article","og_title":"Dekorativer Schriftzug SALE 25% aus XPS \u2013 Auff\u00e4llige Verkaufsdekoration im Gro\u00dfformatDekorativer Schriftzug SALE aus XPS \u2013 Auff\u00e4llige Verkaufsdekoration im Gro\u00dfformat - Baudienstleistungen","og_description":"Dekorativer Schriftzug SALE aus XPS mit 98 cm hohen Buchstaben und 10 cm St\u00e4rke ideal f\u00fcr Schaufenster Verkaufsaktionen Promotion und visuelle Werbung","og_url":"https:\/\/baukredos.pro\/produkt\/xps-schriftzug-sale-98-cm-grosse-verkaufsdekoration-fuer-schaufenster","og_site_name":"Baudienstleistungen","article_modified_time":"2026-01-03T21:32:17+00:00","og_image":[{"width":1024,"height":1024,"url":"https:\/\/baukredos.pro\/wp-content\/uploads\/2019\/04\/1767286136750.png","type":"image\/png"}],"twitter_card":"summary_large_image","twitter_misc":{"Gesch\u00e4tzte Lesezeit":"1\u00a0Minute"},"schema":{"@context":"https:\/\/schema.org","@graph":[{"@type":"WebPage","@id":"https:\/\/baukredos.pro\/produkt\/xps-schriftzug-sale-98-cm-grosse-verkaufsdekoration-fuer-schaufenster","url":"https:\/\/baukredos.pro\/produkt\/xps-schriftzug-sale-98-cm-grosse-verkaufsdekoration-fuer-schaufenster","name":"Dekorativer Schriftzug SALE 25% aus XPS \u2013 Auff\u00e4llige Verkaufsdekoration im Gro\u00dfformatDekorativer Schriftzug SALE aus XPS \u2013 Auff\u00e4llige Verkaufsdekoration im Gro\u00dfformat - Baudienstleistungen","isPartOf":{"@id":"https:\/\/baukredos.pro\/#website"},"primaryImageOfPage":{"@id":"https:\/\/baukredos.pro\/produkt\/xps-schriftzug-sale-98-cm-grosse-verkaufsdekoration-fuer-schaufenster#primaryimage"},"image":{"@id":"https:\/\/baukredos.pro\/produkt\/xps-schriftzug-sale-98-cm-grosse-verkaufsdekoration-fuer-schaufenster#primaryimage"},"thumbnailUrl":"https:\/\/baukredos.pro\/wp-content\/uploads\/2019\/04\/1767286136750.png","datePublished":"2019-04-18T11:08:42+00:00","dateModified":"2026-01-03T21:32:17+00:00","description":"Dekorativer Schriftzug SALE aus XPS mit 98 cm hohen Buchstaben und 10 cm St\u00e4rke ideal f\u00fcr Schaufenster Verkaufsaktionen Promotion und visuelle Werbung","breadcrumb":{"@id":"https:\/\/baukredos.pro\/produkt\/xps-schriftzug-sale-98-cm-grosse-verkaufsdekoration-fuer-schaufenster#breadcrumb"},"inLanguage":"de","potentialAction":[{"@type":"ReadAction","target":["https:\/\/baukredos.pro\/produkt\/xps-schriftzug-sale-98-cm-grosse-verkaufsdekoration-fuer-schaufenster"]}]},{"@type":"ImageObject","inLanguage":"de","@id":"https:\/\/baukredos.pro\/produkt\/xps-schriftzug-sale-98-cm-grosse-verkaufsdekoration-fuer-schaufenster#primaryimage","url":"https:\/\/baukredos.pro\/wp-content\/uploads\/2019\/04\/1767286136750.png","contentUrl":"https:\/\/baukredos.pro\/wp-content\/uploads\/2019\/04\/1767286136750.png","width":1024,"height":1024},{"@type":"BreadcrumbList","@id":"https:\/\/baukredos.pro\/produkt\/xps-schriftzug-sale-98-cm-grosse-verkaufsdekoration-fuer-schaufenster#breadcrumb","itemListElement":[{"@type":"ListItem","position":1,"name":"Start","item":"https:\/\/baukredos.pro\/"},{"@type":"ListItem","position":2,"name":"Shop","item":"https:\/\/baukredos.pro\/?page_id=383"},{"@type":"ListItem","position":3,"name":"Dekorativer Schriftzug SALE 25% aus XPS \u2013 Auff\u00e4llige Verkaufsdekoration im Gro\u00dfformatDekorativer Schriftzug SALE aus XPS \u2013 Auff\u00e4llige Verkaufsdekoration im Gro\u00dfformat"}]},{"@type":"WebSite","@id":"https:\/\/baukredos.pro\/#website","url":"https:\/\/baukredos.pro\/","name":"Baudienstleistungen","description":"BauKredoS - Ihr BauPrinzip","potentialAction":[{"@type":"SearchAction","target":{"@type":"EntryPoint","urlTemplate":"https:\/\/baukredos.pro\/?s={search_term_string}"},"query-input":{"@type":"PropertyValueSpecification","valueRequired":true,"valueName":"search_term_string"}}],"inLanguage":"de"}]}},"_links":{"self":[{"href":"https:\/\/baukredos.pro\/index.php?rest_route=\/wp\/v2\/product\/15","targetHints":{"allow":["GET"]}}],"collection":[{"href":"https:\/\/baukredos.pro\/index.php?rest_route=\/wp\/v2\/product"}],"about":[{"href":"https:\/\/baukredos.pro\/index.php?rest_route=\/wp\/v2\/types\/product"}],"replies":[{"embeddable":true,"href":"https:\/\/baukredos.pro\/index.php?rest_route=%2Fwp%2Fv2%2Fcomments&post=15"}],"version-history":[{"count":1,"href":"https:\/\/baukredos.pro\/index.php?rest_route=\/wp\/v2\/product\/15\/revisions"}],"predecessor-version":[{"id":1202,"href":"https:\/\/baukredos.pro\/index.php?rest_route=\/wp\/v2\/product\/15\/revisions\/1202"}],"wp:featuredmedia":[{"embeddable":true,"href":"https:\/\/baukredos.pro\/index.php?rest_route=\/wp\/v2\/media\/1203"}],"wp:attachment":[{"href":"https:\/\/baukredos.pro\/index.php?rest_route=%2Fwp%2Fv2%2Fmedia&parent=15"}],"wp:term":[{"taxonomy":"product_brand","embeddable":true,"href":"https:\/\/baukredos.pro\/index.php?rest_route=%2Fwp%2Fv2%2Fproduct_brand&post=15"},{"taxonomy":"product_cat","embeddable":true,"href":"https:\/\/baukredos.pro\/index.php?rest_route=%2Fwp%2Fv2%2Fproduct_cat&post=15"},{"taxonomy":"product_tag","embeddable":true,"href":"https:\/\/baukredos.pro\/index.php?rest_route=%2Fwp%2Fv2%2Fproduct_tag&post=15"}],"curies":[{"name":"wp","href":"https:\/\/api.w.org\/{rel}","templated":true}]}}